{"id":464,"date":"2018-07-24T03:56:14","date_gmt":"2018-07-24T10:56:14","guid":{"rendered":"https:\/\/videogameforums.com\/neogeocd\/?page_id=464"},"modified":"2018-07-24T03:57:04","modified_gmt":"2018-07-24T10:57:04","slug":"ninja-masters-game-review","status":"publish","type":"page","link":"https:\/\/videogameforums.com\/neogeocd\/ninja-masters-game-review","title":{"rendered":"Ninja Master&#8217;s Game Review"},"content":{"rendered":"<p><em>Here is a review for the Neo Geo CD video game,\u00a0Ninja Master&#8217;s: Ha\u014d Ninp\u014d Ch\u014d.<\/em><\/p>\n<p><strong>Score: 10 out of 10<\/strong><br \/>\nBehind <a href=\"https:\/\/videogameforums.com\/neogeocd\/last-blade-2-game-review\">Last Blade 2<\/a>, this gem is the best Katana fighter ever. The speed is wicked and the animation is so liquid. If you find this one, grab it up! (Jason, United States)<\/p>\n<hr \/>\n<p><em><a href=\"https:\/\/videogameforums.com\/forums\/neo-geo.8\/?utm_source=neogeocd&amp;utm_content=game-reviews\">For additional support and discussions, visit the dedicated Neo Geo CD Forum.<\/a><\/em><\/p>\n","protected":false},"excerpt":{"rendered":"<p>Here is a review for the Neo Geo CD video game,\u00a0Ninja Master&#8217;s: Ha\u014d Ninp\u014d Ch\u014d. Score: 10 out of 10 Behind Last Blade 2, this gem is the best Katana fighter ever. The speed is wicked and the animation is so liquid. If you find this one, grab it up! (Jason, United States) For additional&#8230;<\/p>\n","protected":false},"author":1,"featured_media":0,"parent":0,"menu_order":0,"comment_status":"closed","ping_status":"closed","template":"","meta":{"inline_featured_image":false,"_kad_post_transparent":"","_kad_post_title":"","_kad_post_layout":"","_kad_post_sidebar_id":"","_kad_post_content_style":"","_kad_post_vertical_padding":"","_kad_post_feature":"","_kad_post_feature_position":"","_kad_post_header":false,"_kad_post_footer":false,"_kad_post_classname":"","footnotes":""},"class_list":["post-464","page","type-page","status-publish","hentry"],"_links":{"self":[{"href":"https:\/\/videogameforums.com\/neogeocd\/wp-json\/wp\/v2\/pages\/464","targetHints":{"allow":["GET"]}}],"collection":[{"href":"https:\/\/videogameforums.com\/neogeocd\/wp-json\/wp\/v2\/pages"}],"about":[{"href":"https:\/\/videogameforums.com\/neogeocd\/wp-json\/wp\/v2\/types\/page"}],"author":[{"embeddable":true,"href":"https:\/\/videogameforums.com\/neogeocd\/wp-json\/wp\/v2\/users\/1"}],"replies":[{"embeddable":true,"href":"https:\/\/videogameforums.com\/neogeocd\/wp-json\/wp\/v2\/comments?post=464"}],"version-history":[{"count":3,"href":"https:\/\/videogameforums.com\/neogeocd\/wp-json\/wp\/v2\/pages\/464\/revisions"}],"predecessor-version":[{"id":467,"href":"https:\/\/videogameforums.com\/neogeocd\/wp-json\/wp\/v2\/pages\/464\/revisions\/467"}],"wp:attachment":[{"href":"https:\/\/videogameforums.com\/neogeocd\/wp-json\/wp\/v2\/media?parent=464"}],"curies":[{"name":"wp","href":"https:\/\/api.w.org\/{rel}","templated":true}]}}